{"id":4091,"date":"2023-11-05T09:54:19","date_gmt":"2023-11-05T08:54:19","guid":{"rendered":"https:\/\/eastseven.de\/location\/gastronomy\/"},"modified":"2023-12-16T18:42:14","modified_gmt":"2023-12-16T17:42:14","slug":"gastronomy","status":"publish","type":"page","link":"https:\/\/eastseven.de\/en\/location\/gastronomy\/","title":{"rendered":"Gastronomy"},"content":{"rendered":"<p>[et_pb_section fb_built=&#8221;1&#8243; custom_padding_last_edited=&#8221;on|phone&#8221; admin_label=&#8221;Hero Section&#8221; _builder_version=&#8221;4.23&#8243; _module_preset=&#8221;default&#8221; background_color=&#8221;#F7E8B7&#8243; custom_padding=&#8221;0px||0px||true|false&#8221; custom_padding_tablet=&#8221;&#8221; custom_padding_phone=&#8221;0px||0px||false|false&#8221; global_colors_info=&#8221;{}&#8221;][et_pb_row column_structure=&#8221;1_2,1_2&#8243; use_custom_gutter=&#8221;on&#8221; gutter_width=&#8221;2&#8243; make_equal=&#8221;on&#8221; admin_label=&#8221;Hero&#8221; _builder_version=&#8221;4.23&#8243; _module_preset=&#8221;default&#8221; width=&#8221;94%&#8221; min_height=&#8221;40vh&#8221; global_colors_info=&#8221;{}&#8221;][et_pb_column type=&#8221;1_2&#8243; _builder_version=&#8221;4.23&#8243; _module_preset=&#8221;default&#8221; custom_css_main_element=&#8221;display: flex;||flex-direction: column;||justify-content: center;&#8221; global_colors_info=&#8221;{}&#8221;][et_pb_text _builder_version=&#8221;4.23.1&#8243; _module_preset=&#8221;default&#8221; text_font=&#8221;DM Sans|700|||||||&#8221; text_text_color=&#8221;#1F1F1F&#8221; text_font_size=&#8221;18px&#8221; header_line_height=&#8221;1.1em&#8221; header_2_font_size=&#8221;61px&#8221; custom_padding=&#8221;|3px||||&#8221; header_text_align_tablet=&#8221;center&#8221; header_text_align_phone=&#8221;center&#8221; header_text_align_last_edited=&#8221;on|phone&#8221; header_2_text_align_tablet=&#8221;&#8221; header_2_text_align_phone=&#8221;center&#8221; header_2_text_align_last_edited=&#8221;on|phone&#8221; header_2_font_size_tablet=&#8221;61px&#8221; header_2_font_size_phone=&#8221;31px&#8221; header_2_font_size_last_edited=&#8221;on|phone&#8221; text_orientation_tablet=&#8221;&#8221; text_orientation_phone=&#8221;center&#8221; text_orientation_last_edited=&#8221;on|phone&#8221; global_colors_info=&#8221;{}&#8221;]<\/p>\n<h1>Gastronomy in Berlin near the EastSeven Hostel<\/h1>\n<p>&nbsp;<\/p>\n<p>Hey, Leute! Packt eure Rucks\u00e4cke und macht euch bereit f\u00fcr ein unvergessliches Abenteuer in Berlin, der Stadt, die wirklich niemals schl\u00e4ft! Wenn ihr Lust auf eine unvergessliche Reise habt, die euch aus den Socken hauen wird, dann ist Berlin der perfekte Ort f\u00fcr euch.<\/p>\n<p>[\/et_pb_text][\/et_pb_column][et_pb_column type=&#8221;1_2&#8243; _builder_version=&#8221;4.23&#8243; _module_preset=&#8221;default&#8221; background_enable_image=&#8221;off&#8221; background_position=&#8221;top_right&#8221; custom_padding=&#8221;0px||||false|false&#8221; custom_css_main_element=&#8221;display: flex;||flex-direction: column;||justify-content: center;&#8221; global_colors_info=&#8221;{}&#8221;][et_pb_image src=&#8221;https:\/\/eastseven.de\/wp-content\/uploads\/2023\/12\/eastseven-berlin-skyline-2&#215;3-1.webp&#8221; alt=&#8221;EastSeven Hostel Berlin Lounge&#8221; title_text=&#8221;eastseven-berlin-skyline-2&#215;3&#8243; _builder_version=&#8221;4.23.1&#8243; _module_preset=&#8221;default&#8221; hover_enabled=&#8221;0&#8243; border_radii=&#8221;on|150px|150px|150px|150px&#8221; global_colors_info=&#8221;{}&#8221; sticky_enabled=&#8221;0&#8243;][\/et_pb_image][\/et_pb_column][\/et_pb_row][\/et_pb_section][et_pb_section fb_built=&#8221;1&#8243; admin_label=&#8221;Lage&#8221; _builder_version=&#8221;4.23&#8243; _module_preset=&#8221;default&#8221; background_enable_color=&#8221;off&#8221; global_colors_info=&#8221;{}&#8221;][et_pb_row make_equal=&#8221;on&#8221; _builder_version=&#8221;4.23.1&#8243; _module_preset=&#8221;default&#8221; width=&#8221;50%&#8221; width_tablet=&#8221;90%&#8221; width_phone=&#8221;90%&#8221; width_last_edited=&#8221;on|tablet&#8221; module_alignment=&#8221;center&#8221; custom_css_main_element=&#8221;||&#8221; custom_css_free_form=&#8221;||&#8221; global_colors_info=&#8221;{}&#8221;][et_pb_column type=&#8221;4_4&#8243; _builder_version=&#8221;4.23&#8243; _module_preset=&#8221;default&#8221; custom_css_main_element=&#8221;display: flex;||flex-direction: column;||justify-content: center;||&#8221; global_colors_info=&#8221;{}&#8221;][et_pb_blog include_categories=&#8221;14&#8243; show_more=&#8221;on&#8221; _builder_version=&#8221;4.23.1&#8243; _module_preset=&#8221;default&#8221; header_font=&#8221;Dela Gothic One||||||||&#8221; header_font_size=&#8221;28px&#8221; read_more_font=&#8221;Dela Gothic One||||||||&#8221; read_more_text_color=&#8221;#FFFFFF&#8221; width=&#8221;70%&#8221; module_alignment=&#8221;center&#8221; border_radii_image=&#8221;on|150px|150px|150px|150px&#8221; global_colors_info=&#8221;{}&#8221;][\/et_pb_blog][\/et_pb_column][\/et_pb_row][\/et_pb_section][et_pb_section fb_built=&#8221;1&#8243; _builder_version=&#8221;4.23&#8243; _module_preset=&#8221;default&#8221; background_color=&#8221;#f7e094&#8243; custom_padding=&#8221;10px||10px||false|false&#8221; global_module=&#8221;2431&#8243; saved_tabs=&#8221;all&#8221; global_colors_info=&#8221;{}&#8221;][et_pb_row column_structure=&#8221;1_2,1_2&#8243; use_custom_gutter=&#8221;on&#8221; gutter_width=&#8221;1&#8243; make_equal=&#8221;on&#8221; admin_label=&#8221;Hero&#8221; _builder_version=&#8221;4.23&#8243; _module_preset=&#8221;default&#8221; custom_margin=&#8221;||||false|false&#8221; custom_padding=&#8221;35px||35px||true|false&#8221; global_colors_info=&#8221;{}&#8221;][et_pb_column type=&#8221;1_2&#8243; _builder_version=&#8221;4.22.2&#8243; _module_preset=&#8221;default&#8221; global_colors_info=&#8221;{}&#8221;][et_pb_text _builder_version=&#8221;4.23.1&#8243; _module_preset=&#8221;default&#8221; text_font=&#8221;DM Sans|700|||||||&#8221; text_text_color=&#8221;#1F1F1F&#8221; text_font_size=&#8221;18px&#8221; header_line_height=&#8221;1.1em&#8221; header_2_font_size=&#8221;61px&#8221; custom_padding=&#8221;|3px|2%||false|false&#8221; header_2_text_align_tablet=&#8221;&#8221; header_2_text_align_phone=&#8221;center&#8221; header_2_text_align_last_edited=&#8221;on|phone&#8221; header_2_font_size_tablet=&#8221;61px&#8221; header_2_font_size_phone=&#8221;31px&#8221; header_2_font_size_last_edited=&#8221;on|phone&#8221; text_orientation_tablet=&#8221;&#8221; text_orientation_phone=&#8221;center&#8221; text_orientation_last_edited=&#8221;on|phone&#8221; global_colors_info=&#8221;{}&#8221;]<\/p>\n<h1>Book the best backpacker hostel in Berlin<\/h1>\n<p>Awarded as top 5 of all Berlin hostels since 2006<\/p>\n<p>By booking on our website you will get::<\/p>\n<p>[\/et_pb_text][dsm_icon_list list_space_between=&#8221;8px&#8221; _builder_version=&#8221;4.23.1&#8243; _module_preset=&#8221;default&#8221; custom_margin_tablet=&#8221;&#8221; custom_margin_phone=&#8221;13px||13px||true|false&#8221; custom_margin_last_edited=&#8221;on|phone&#8221; global_colors_info=&#8221;{}&#8221;][dsm_icon_list_child text=&#8221;The best price on the internet&#8221; use_icon=&#8221;off&#8221; image=&#8221;https:\/\/eastseven.de\/wp-content\/uploads\/2023\/10\/deko-stern.svg&#8221; _builder_version=&#8221;4.22.2&#8243; _module_preset=&#8221;default&#8221; text_font=&#8221;|600|||||||&#8221; text_text_color=&#8221;#000000&#8243; text_font_size=&#8221;18px&#8221; global_colors_info=&#8221;{}&#8221;][\/dsm_icon_list_child][dsm_icon_list_child text=&#8221;Free extra towels &amp; late checkout&#8221; use_icon=&#8221;off&#8221; image=&#8221;https:\/\/eastseven.de\/wp-content\/uploads\/2023\/10\/deko-stern.svg&#8221; _builder_version=&#8221;4.22.2&#8243; _module_preset=&#8221;default&#8221; text_font=&#8221;|600|||||||&#8221; text_text_color=&#8221;#000000&#8243; text_font_size=&#8221;18px&#8221; global_colors_info=&#8221;{}&#8221;][\/dsm_icon_list_child][dsm_icon_list_child text=&#8221;Flexible rate with free cancellation up to 3 days before arrival&#8221; use_icon=&#8221;off&#8221; image=&#8221;https:\/\/eastseven.de\/wp-content\/uploads\/2023\/10\/deko-stern.svg&#8221; _builder_version=&#8221;4.22.2&#8243; _module_preset=&#8221;default&#8221; text_font=&#8221;|600|||||||&#8221; text_text_color=&#8221;#000000&#8243; text_font_size=&#8221;18px&#8221; global_colors_info=&#8221;{}&#8221;][\/dsm_icon_list_child][\/dsm_icon_list][\/et_pb_column][et_pb_column type=&#8221;1_2&#8243; _builder_version=&#8221;4.22.2&#8243; _module_preset=&#8221;default&#8221; background_enable_image=&#8221;off&#8221; background_position=&#8221;top_right&#8221; custom_padding=&#8221;0px||||false|false&#8221; global_colors_info=&#8221;{}&#8221;][et_pb_image src=&#8221;https:\/\/eastseven.de\/wp-content\/uploads\/2023\/10\/Team-Bild-unten-1024&#215;640.png.webp&#8221; title_text=&#8221;Team-picture-1024&#215;640.png&#8221; _builder_version=&#8221;4.23.1&#8243; _module_preset=&#8221;default&#8221; max_height=&#8221;366px&#8221; custom_margin=&#8221;0px||||false|false&#8221; custom_margin_tablet=&#8221;20px||||false|false&#8221; custom_margin_phone=&#8221;&#8221; custom_margin_last_edited=&#8221;on|desktop&#8221; border_radii=&#8221;on|200px|200px|200px|200px&#8221; global_colors_info=&#8221;{}&#8221;][\/et_pb_image][\/et_pb_column][\/et_pb_row][\/et_pb_section]<\/p>\n","protected":false},"excerpt":{"rendered":"<p>Gastronomy in Berlin near the EastSeven Hostel &nbsp; Hey, Leute! Packt eure Rucks\u00e4cke und macht euch bereit f\u00fcr ein unvergessliches Abenteuer in Berlin, der Stadt, die wirklich niemals schl\u00e4ft! Wenn ihr Lust auf eine unvergessliche Reise habt, die euch aus den Socken hauen wird, dann ist Berlin der perfekte Ort f\u00fcr euch.Book the best backpacker hostel in Berlin Awarded as top 5 of all Berlin hostels since 2006 By booking on our website you will get::<div class=\"et_pb_module dsm_icon_list dsm_icon_list_0\">\n\t\t\t\t\n\t\t\t\t\n\t\t\t\t\n\t\t\t\t\n\t\t\t\t\n\t\t\t\t\n\t\t\t\t<div class=\"et_pb_module_inner\">\n\t\t\t\t\t<ul class=\"dsm_icon_list_items dsm_icon_list_ltr_direction dsm_icon_list_layout_vertical\"><li class=\"dsm_icon_list_child dsm_icon_list_child_0\">\n\t\t\t\t\n\t\t\t\t\n\t\t\t\t\n\t\t\t\t\n\t\t\t\t<span class=\"dsm_icon_list_wrapper\"><span class=\"dsm_icon_list_image\"><img decoding=\"async\" src=\"https:\/\/eastseven.de\/wp-content\/uploads\/2023\/10\/deko-stern.svg\" alt=\"\" \/><\/span><\/span><span class=\"dsm_icon_list_text\">The best price on the internet<\/span>\n\t\t\t<\/li><li class=\"dsm_icon_list_child dsm_icon_list_child_1\">\n\t\t\t\t\n\t\t\t\t\n\t\t\t\t\n\t\t\t\t\n\t\t\t\t<span class=\"dsm_icon_list_wrapper\"><span class=\"dsm_icon_list_image\"><img decoding=\"async\" src=\"https:\/\/eastseven.de\/wp-content\/uploads\/2023\/10\/deko-stern.svg\" alt=\"\" \/><\/span><\/span><span class=\"dsm_icon_list_text\">Free extra towels &amp; late checkout<\/span>\n\t\t\t<\/li><li class=\"dsm_icon_list_child dsm_icon_list_child_2\">\n\t\t\t\t\n\t\t\t\t\n\t\t\t\t\n\t\t\t\t\n\t\t\t\t<span class=\"dsm_icon_list_wrapper\"><span class=\"dsm_icon_list_image\"><img decoding=\"async\" src=\"https:\/\/eastseven.de\/wp-content\/uploads\/2023\/10\/deko-stern.svg\" alt=\"\" \/><\/span><\/span><span class=\"dsm_icon_list_text\">Flexible rate with free cancellation up to 3 days before arrival<\/span>\n\t\t\t<\/li><\/ul>\n\t\t\t\t<\/div>\n\t\t\t<\/div><\/p>\n","protected":false},"author":2,"featured_media":0,"parent":3954,"menu_order":0,"comment_status":"closed","ping_status":"closed","template":"","meta":{"_acf_changed":false,"_et_pb_use_builder":"on","_et_pb_old_content":"","_et_gb_content_width":"","_metasync_otto_title":"","_metasync_otto_description":"","_metasync_otto_keywords":"","_metasync_otto_og_title":"","_metasync_otto_og_description":"","_metasync_otto_twitter_title":"","_metasync_otto_twitter_description":"","rank_math_title":"","rank_math_description":"","_yoast_wpseo_title":"","_yoast_wpseo_metadesc":"","_aioseo_title":"","_aioseo_description":"","footnotes":""},"class_list":["post-4091","page","type-page","status-publish","hentry"],"acf":[],"_links":{"self":[{"href":"https:\/\/eastseven.de\/en\/wp-json\/wp\/v2\/pages\/4091","targetHints":{"allow":["GET"]}}],"collection":[{"href":"https:\/\/eastseven.de\/en\/wp-json\/wp\/v2\/pages"}],"about":[{"href":"https:\/\/eastseven.de\/en\/wp-json\/wp\/v2\/types\/page"}],"author":[{"embeddable":true,"href":"https:\/\/eastseven.de\/en\/wp-json\/wp\/v2\/users\/2"}],"replies":[{"embeddable":true,"href":"https:\/\/eastseven.de\/en\/wp-json\/wp\/v2\/comments?post=4091"}],"version-history":[{"count":0,"href":"https:\/\/eastseven.de\/en\/wp-json\/wp\/v2\/pages\/4091\/revisions"}],"up":[{"embeddable":true,"href":"https:\/\/eastseven.de\/en\/wp-json\/wp\/v2\/pages\/3954"}],"wp:attachment":[{"href":"https:\/\/eastseven.de\/en\/wp-json\/wp\/v2\/media?parent=4091"}],"curies":[{"name":"wp","href":"https:\/\/api.w.org\/{rel}","templated":true}]}}